{"id":124,"date":"2025-10-09T10:00:14","date_gmt":"2025-10-09T03:00:14","guid":{"rendered":"https:\/\/elmundoverde.com.ar\/?page_id=124"},"modified":"2026-01-22T10:23:55","modified_gmt":"2026-01-22T13:23:55","slug":"inicio","status":"publish","type":"page","link":"https:\/\/elmundoverde.com.ar\/en\/","title":{"rendered":"HOME"},"content":{"rendered":"<div data-elementor-type=\"wp-page\" data-elementor-id=\"124\" class=\"elementor elementor-124\" data-elementor-post-type=\"page\">\n\t\t\t\t<div class=\"elementor-element elementor-element-13c66bb e-con-full e-flex e-con e-parent\" data-id=\"13c66bb\" data-element_type=\"container\" data-e-type=\"container\" data-settings=\"{&quot;background_background&quot;:&quot;classic&quot;}\">\n\t\t\t\t<\/div>\n\t\t<div class=\"elementor-element elementor-element-8a861e1 e-flex e-con-boxed e-con e-parent\" data-id=\"8a861e1\" data-element_type=\"container\" data-e-type=\"container\" data-settings=\"{&quot;background_background&quot;:&quot;classic&quot;}\">\n\t\t\t\t\t<div class=\"e-con-inner\">\n\t\t\t\t<div class=\"elementor-element elementor-element-3e09e08 elementor-widget elementor-widget-heading\" data-id=\"3e09e08\" data-element_type=\"widget\" data-e-type=\"widget\" data-widget_type=\"heading.default\">\n\t\t\t\t\t<h1 class=\"elementor-heading-title elementor-size-default\">WE ARE SPECIALISTS IN RECYCLING<\/h1>\t\t\t\t<\/div>\n\t\t\t\t\t<\/div>\n\t\t\t\t<\/div>\n\t\t<div class=\"elementor-element elementor-element-1badb7b e-flex e-con-boxed e-con e-parent\" data-id=\"1badb7b\" data-element_type=\"container\" data-e-type=\"container\" data-settings=\"{&quot;background_background&quot;:&quot;classic&quot;}\">\n\t\t\t\t\t<div class=\"e-con-inner\">\n\t\t\t\t<div class=\"elementor-element elementor-element-ec9fcc5 elementor-widget elementor-widget-text-editor\" data-id=\"ec9fcc5\" data-element_type=\"widget\" data-e-type=\"widget\" data-widget_type=\"text-editor.default\">\n\t\t\t\t\t\t\t\t\t<p>Our company has specialized personnel for the solution of each of your needs. We have a staff with years of experience in environmental services. Recycling is the reduction and transformation of waste into raw material, these concepts make EL MUNDO VERDE a company dedicated to continuous improvement and effective and safe solutions at competitive costs.<\/p>\t\t\t\t\t\t\t\t<\/div>\n\t\t\t\t\t<\/div>\n\t\t\t\t<\/div>\n\t\t<div class=\"elementor-element elementor-element-3a4ee20 e-flex e-con-boxed e-con e-parent\" data-id=\"3a4ee20\" data-element_type=\"container\" data-e-type=\"container\" data-settings=\"{&quot;background_background&quot;:&quot;classic&quot;}\">\n\t\t\t\t\t<div class=\"e-con-inner\">\n\t\t\t\t<div class=\"elementor-element elementor-element-343266f elementor-widget elementor-widget-image\" data-id=\"343266f\" data-element_type=\"widget\" data-e-type=\"widget\" data-widget_type=\"image.default\">\n\t\t\t\t\t\t\t\t\t\t\t\t\t\t\t<img fetchpriority=\"high\" decoding=\"async\" data-attachment-id=\"158\" data-permalink=\"https:\/\/elmundoverde.com.ar\/en\/inicio\/up-arrow-white\/\" data-orig-file=\"https:\/\/elmundoverde.com.ar\/wp-content\/uploads\/2025\/10\/up-arrow-white.png\" data-orig-size=\"1670,1071\" data-comments-opened=\"1\" data-image-meta=\"{&quot;aperture&quot;:&quot;0&quot;,&quot;credit&quot;:&quot;&quot;,&quot;camera&quot;:&quot;&quot;,&quot;caption&quot;:&quot;&quot;,&quot;created_timestamp&quot;:&quot;0&quot;,&quot;copyright&quot;:&quot;&quot;,&quot;focal_length&quot;:&quot;0&quot;,&quot;iso&quot;:&quot;0&quot;,&quot;shutter_speed&quot;:&quot;0&quot;,&quot;title&quot;:&quot;&quot;,&quot;orientation&quot;:&quot;0&quot;}\" data-image-title=\"up arrow white\" data-image-description=\"\" data-image-caption=\"\" data-medium-file=\"https:\/\/elmundoverde.com.ar\/wp-content\/uploads\/2025\/10\/up-arrow-white-300x192.png\" data-large-file=\"https:\/\/elmundoverde.com.ar\/wp-content\/uploads\/2025\/10\/up-arrow-white-1024x657.png\" width=\"800\" height=\"513\" src=\"https:\/\/elmundoverde.com.ar\/wp-content\/uploads\/2025\/10\/up-arrow-white-1024x657.png\" class=\"attachment-large size-large wp-image-158\" alt=\"\" srcset=\"https:\/\/elmundoverde.com.ar\/wp-content\/uploads\/2025\/10\/up-arrow-white-1024x657.png 1024w, https:\/\/elmundoverde.com.ar\/wp-content\/uploads\/2025\/10\/up-arrow-white-300x192.png 300w, https:\/\/elmundoverde.com.ar\/wp-content\/uploads\/2025\/10\/up-arrow-white-768x493.png 768w, https:\/\/elmundoverde.com.ar\/wp-content\/uploads\/2025\/10\/up-arrow-white-1536x985.png 1536w, https:\/\/elmundoverde.com.ar\/wp-content\/uploads\/2025\/10\/up-arrow-white-18x12.png 18w, https:\/\/elmundoverde.com.ar\/wp-content\/uploads\/2025\/10\/up-arrow-white.png 1670w\" sizes=\"(max-width: 800px) 100vw, 800px\" \/>\t\t\t\t\t\t\t\t\t\t\t\t\t\t\t<\/div>\n\t\t\t\t\t<\/div>\n\t\t\t\t<\/div>\n\t\t<div class=\"elementor-element elementor-element-fec9ace e-grid e-con-boxed e-con e-parent\" data-id=\"fec9ace\" data-element_type=\"container\" data-e-type=\"container\">\n\t\t\t\t\t<div class=\"e-con-inner\">\n\t\t\t\t<div class=\"elementor-element elementor-element-d48acc9 elementor-widget-divider--view-line elementor-widget elementor-widget-divider\" data-id=\"d48acc9\" data-element_type=\"widget\" data-e-type=\"widget\" data-widget_type=\"divider.default\">\n\t\t\t\t\t\t\t<div class=\"elementor-divider\">\n\t\t\t<span class=\"elementor-divider-separator\">\n\t\t\t\t\t\t<\/span>\n\t\t<\/div>\n\t\t\t\t\t\t<\/div>\n\t\t\t\t<div class=\"elementor-element elementor-element-c918e4d elementor-widget elementor-widget-heading\" data-id=\"c918e4d\" data-element_type=\"widget\" data-e-type=\"widget\" data-widget_type=\"heading.default\">\n\t\t\t\t\t<h2 class=\"elementor-heading-title elementor-size-default\">SERVICES<\/h2>\t\t\t\t<\/div>\n\t\t\t\t<div class=\"elementor-element elementor-element-960c826 elementor-widget-divider--view-line elementor-widget elementor-widget-divider\" data-id=\"960c826\" data-element_type=\"widget\" data-e-type=\"widget\" data-widget_type=\"divider.default\">\n\t\t\t\t\t\t\t<div class=\"elementor-divider\">\n\t\t\t<span class=\"elementor-divider-separator\">\n\t\t\t\t\t\t<\/span>\n\t\t<\/div>\n\t\t\t\t\t\t<\/div>\n\t\t\t\t\t<\/div>\n\t\t\t\t<\/div>\n\t\t<div class=\"elementor-element elementor-element-716e41e e-grid e-con-boxed e-con e-parent\" data-id=\"716e41e\" data-element_type=\"container\" data-e-type=\"container\">\n\t\t\t\t\t<div class=\"e-con-inner\">\n\t\t<div class=\"elementor-element elementor-element-2a32e03 e-con-full e-transform e-flex e-con e-child\" data-id=\"2a32e03\" data-element_type=\"container\" data-e-type=\"container\" data-settings=\"{&quot;_transform_scale_effect&quot;:{&quot;unit&quot;:&quot;px&quot;,&quot;size&quot;:&quot;&quot;,&quot;sizes&quot;:[]},&quot;_transform_scale_effect_tablet&quot;:{&quot;unit&quot;:&quot;px&quot;,&quot;size&quot;:&quot;&quot;,&quot;sizes&quot;:[]},&quot;_transform_scale_effect_mobile&quot;:{&quot;unit&quot;:&quot;px&quot;,&quot;size&quot;:&quot;&quot;,&quot;sizes&quot;:[]}}\">\n\t\t\t\t<div class=\"elementor-element elementor-element-6a287aa elementor-widget elementor-widget-image\" data-id=\"6a287aa\" data-element_type=\"widget\" data-e-type=\"widget\" data-widget_type=\"image.default\">\n\t\t\t\t\t\t\t\t\t\t\t\t\t\t\t<img decoding=\"async\" data-attachment-id=\"165\" data-permalink=\"https:\/\/elmundoverde.com.ar\/en\/inicio\/attachment\/1\/\" data-orig-file=\"https:\/\/elmundoverde.com.ar\/wp-content\/uploads\/2025\/10\/1.png\" data-orig-size=\"450,193\" data-comments-opened=\"1\" data-image-meta=\"{&quot;aperture&quot;:&quot;0&quot;,&quot;credit&quot;:&quot;&quot;,&quot;camera&quot;:&quot;&quot;,&quot;caption&quot;:&quot;&quot;,&quot;created_timestamp&quot;:&quot;0&quot;,&quot;copyright&quot;:&quot;&quot;,&quot;focal_length&quot;:&quot;0&quot;,&quot;iso&quot;:&quot;0&quot;,&quot;shutter_speed&quot;:&quot;0&quot;,&quot;title&quot;:&quot;&quot;,&quot;orientation&quot;:&quot;0&quot;}\" data-image-title=\"1\" data-image-description=\"\" data-image-caption=\"\" data-medium-file=\"https:\/\/elmundoverde.com.ar\/wp-content\/uploads\/2025\/10\/1-300x129.png\" data-large-file=\"https:\/\/elmundoverde.com.ar\/wp-content\/uploads\/2025\/10\/1.png\" width=\"450\" height=\"193\" src=\"https:\/\/elmundoverde.com.ar\/wp-content\/uploads\/2025\/10\/1.png\" class=\"attachment-full size-full wp-image-165\" alt=\"\" srcset=\"https:\/\/elmundoverde.com.ar\/wp-content\/uploads\/2025\/10\/1.png 450w, https:\/\/elmundoverde.com.ar\/wp-content\/uploads\/2025\/10\/1-300x129.png 300w, https:\/\/elmundoverde.com.ar\/wp-content\/uploads\/2025\/10\/1-18x8.png 18w\" sizes=\"(max-width: 450px) 100vw, 450px\" \/>\t\t\t\t\t\t\t\t\t\t\t\t\t\t\t<\/div>\n\t\t\t\t<div class=\"elementor-element elementor-element-26c850a elementor-widget elementor-widget-text-editor\" data-id=\"26c850a\" data-element_type=\"widget\" data-e-type=\"widget\" data-widget_type=\"text-editor.default\">\n\t\t\t\t\t\t\t\t\t<h4><span style=\"color: #2e9d44;\">IN-PLANT SERVICES<\/span><\/h4><p><span style=\"color: #808080;\">Minimization of waste to the CEAMSE. Transformation of waste into waste.<\/span><br \/><span style=\"color: #808080;\">Through the contribution of personnel and equipment we install ourselves in the generator's plant, to project ZERO WASTE. For this to be a reality in most cases we take charge of the CEAMSE fee and its transportation.<\/span><\/p>\t\t\t\t\t\t\t\t<\/div>\n\t\t<div class=\"elementor-element elementor-element-8031909 e-con-full e-flex e-con e-child\" data-id=\"8031909\" data-element_type=\"container\" data-e-type=\"container\">\n\t\t\t\t<div class=\"elementor-element elementor-element-d44af9b elementor-widget elementor-widget-button\" data-id=\"d44af9b\" data-element_type=\"widget\" data-e-type=\"widget\" data-widget_type=\"button.default\">\n\t\t\t\t\t\t\t\t\t\t<a class=\"elementor-button elementor-button-link elementor-size-sm\" href=\"https:\/\/elmundoverde.com.ar\/en\/inicio\/contacto\/\">\n\t\t\t\t\t\t<span class=\"elementor-button-content-wrapper\">\n\t\t\t\t\t\t\t\t\t<span class=\"elementor-button-text\">MAKE YOUR INQUIRY<\/span>\n\t\t\t\t\t<\/span>\n\t\t\t\t\t<\/a>\n\t\t\t\t\t\t\t\t<\/div>\n\t\t\t\t<\/div>\n\t\t\t\t<\/div>\n\t\t<div class=\"elementor-element elementor-element-f6210d0 e-con-full e-transform e-flex e-con e-child\" data-id=\"f6210d0\" data-element_type=\"container\" data-e-type=\"container\" data-settings=\"{&quot;_transform_scale_effect&quot;:{&quot;unit&quot;:&quot;px&quot;,&quot;size&quot;:&quot;&quot;,&quot;sizes&quot;:[]},&quot;_transform_scale_effect_tablet&quot;:{&quot;unit&quot;:&quot;px&quot;,&quot;size&quot;:&quot;&quot;,&quot;sizes&quot;:[]},&quot;_transform_scale_effect_mobile&quot;:{&quot;unit&quot;:&quot;px&quot;,&quot;size&quot;:&quot;&quot;,&quot;sizes&quot;:[]}}\">\n\t\t\t\t<div class=\"elementor-element elementor-element-025fe5c elementor-widget elementor-widget-image\" data-id=\"025fe5c\" data-element_type=\"widget\" data-e-type=\"widget\" data-widget_type=\"image.default\">\n\t\t\t\t\t\t\t\t\t\t\t\t\t\t\t<img decoding=\"async\" data-attachment-id=\"166\" data-permalink=\"https:\/\/elmundoverde.com.ar\/en\/inicio\/attachment\/2\/\" data-orig-file=\"https:\/\/elmundoverde.com.ar\/wp-content\/uploads\/2025\/10\/2.png\" data-orig-size=\"450,193\" data-comments-opened=\"1\" data-image-meta=\"{&quot;aperture&quot;:&quot;0&quot;,&quot;credit&quot;:&quot;&quot;,&quot;camera&quot;:&quot;&quot;,&quot;caption&quot;:&quot;&quot;,&quot;created_timestamp&quot;:&quot;0&quot;,&quot;copyright&quot;:&quot;&quot;,&quot;focal_length&quot;:&quot;0&quot;,&quot;iso&quot;:&quot;0&quot;,&quot;shutter_speed&quot;:&quot;0&quot;,&quot;title&quot;:&quot;&quot;,&quot;orientation&quot;:&quot;0&quot;}\" data-image-title=\"2\" data-image-description=\"\" data-image-caption=\"\" data-medium-file=\"https:\/\/elmundoverde.com.ar\/wp-content\/uploads\/2025\/10\/2-300x129.png\" data-large-file=\"https:\/\/elmundoverde.com.ar\/wp-content\/uploads\/2025\/10\/2.png\" width=\"450\" height=\"193\" src=\"https:\/\/elmundoverde.com.ar\/wp-content\/uploads\/2025\/10\/2.png\" class=\"attachment-full size-full wp-image-166\" alt=\"\" srcset=\"https:\/\/elmundoverde.com.ar\/wp-content\/uploads\/2025\/10\/2.png 450w, https:\/\/elmundoverde.com.ar\/wp-content\/uploads\/2025\/10\/2-300x129.png 300w, https:\/\/elmundoverde.com.ar\/wp-content\/uploads\/2025\/10\/2-18x8.png 18w\" sizes=\"(max-width: 450px) 100vw, 450px\" \/>\t\t\t\t\t\t\t\t\t\t\t\t\t\t\t<\/div>\n\t\t\t\t<div class=\"elementor-element elementor-element-045e0de elementor-widget elementor-widget-text-editor\" data-id=\"045e0de\" data-element_type=\"widget\" data-e-type=\"widget\" data-widget_type=\"text-editor.default\">\n\t\t\t\t\t\t\t\t\t<h4><span style=\"color: #2e9d44;\">SPECIAL WASTE PROCESSING<\/span><\/h4><p><span style=\"color: #808080;\">We have equipment to perform the transformation into non-special waste and inputs. This transformation implies a drastic reduction in transportation and final disposal costs.<\/span><\/p>\t\t\t\t\t\t\t\t<\/div>\n\t\t<div class=\"elementor-element elementor-element-14d534c e-con-full e-flex e-con e-child\" data-id=\"14d534c\" data-element_type=\"container\" data-e-type=\"container\">\n\t\t\t\t<div class=\"elementor-element elementor-element-50f4a90 elementor-widget elementor-widget-button\" data-id=\"50f4a90\" data-element_type=\"widget\" data-e-type=\"widget\" data-widget_type=\"button.default\">\n\t\t\t\t\t\t\t\t\t\t<a class=\"elementor-button elementor-button-link elementor-size-sm\" href=\"https:\/\/elmundoverde.com.ar\/en\/inicio\/contacto\/\">\n\t\t\t\t\t\t<span class=\"elementor-button-content-wrapper\">\n\t\t\t\t\t\t\t\t\t<span class=\"elementor-button-text\">MAKE YOUR INQUIRY<\/span>\n\t\t\t\t\t<\/span>\n\t\t\t\t\t<\/a>\n\t\t\t\t\t\t\t\t<\/div>\n\t\t\t\t<\/div>\n\t\t\t\t<\/div>\n\t\t\t\t\t<\/div>\n\t\t\t\t<\/div>\n\t\t<div class=\"elementor-element elementor-element-dfd0502 e-grid e-con-boxed e-con e-parent\" data-id=\"dfd0502\" data-element_type=\"container\" data-e-type=\"container\">\n\t\t\t\t\t<div class=\"e-con-inner\">\n\t\t<div class=\"elementor-element elementor-element-063a23c e-con-full e-transform e-flex e-con e-child\" data-id=\"063a23c\" data-element_type=\"container\" data-e-type=\"container\" data-settings=\"{&quot;_transform_scale_effect&quot;:{&quot;unit&quot;:&quot;px&quot;,&quot;size&quot;:&quot;&quot;,&quot;sizes&quot;:[]},&quot;_transform_scale_effect_tablet&quot;:{&quot;unit&quot;:&quot;px&quot;,&quot;size&quot;:&quot;&quot;,&quot;sizes&quot;:[]},&quot;_transform_scale_effect_mobile&quot;:{&quot;unit&quot;:&quot;px&quot;,&quot;size&quot;:&quot;&quot;,&quot;sizes&quot;:[]}}\">\n\t\t\t\t<div class=\"elementor-element elementor-element-985d6a8 elementor-widget elementor-widget-image\" data-id=\"985d6a8\" data-element_type=\"widget\" data-e-type=\"widget\" data-widget_type=\"image.default\">\n\t\t\t\t\t\t\t\t\t\t\t\t\t\t\t<img decoding=\"async\" data-attachment-id=\"165\" data-permalink=\"https:\/\/elmundoverde.com.ar\/en\/inicio\/attachment\/1\/\" data-orig-file=\"https:\/\/elmundoverde.com.ar\/wp-content\/uploads\/2025\/10\/1.png\" data-orig-size=\"450,193\" data-comments-opened=\"1\" data-image-meta=\"{&quot;aperture&quot;:&quot;0&quot;,&quot;credit&quot;:&quot;&quot;,&quot;camera&quot;:&quot;&quot;,&quot;caption&quot;:&quot;&quot;,&quot;created_timestamp&quot;:&quot;0&quot;,&quot;copyright&quot;:&quot;&quot;,&quot;focal_length&quot;:&quot;0&quot;,&quot;iso&quot;:&quot;0&quot;,&quot;shutter_speed&quot;:&quot;0&quot;,&quot;title&quot;:&quot;&quot;,&quot;orientation&quot;:&quot;0&quot;}\" data-image-title=\"1\" data-image-description=\"\" data-image-caption=\"\" data-medium-file=\"https:\/\/elmundoverde.com.ar\/wp-content\/uploads\/2025\/10\/1-300x129.png\" data-large-file=\"https:\/\/elmundoverde.com.ar\/wp-content\/uploads\/2025\/10\/1.png\" width=\"450\" height=\"193\" src=\"https:\/\/elmundoverde.com.ar\/wp-content\/uploads\/2025\/10\/1.png\" class=\"attachment-full size-full wp-image-165\" alt=\"\" srcset=\"https:\/\/elmundoverde.com.ar\/wp-content\/uploads\/2025\/10\/1.png 450w, https:\/\/elmundoverde.com.ar\/wp-content\/uploads\/2025\/10\/1-300x129.png 300w, https:\/\/elmundoverde.com.ar\/wp-content\/uploads\/2025\/10\/1-18x8.png 18w\" sizes=\"(max-width: 450px) 100vw, 450px\" \/>\t\t\t\t\t\t\t\t\t\t\t\t\t\t\t<\/div>\n\t\t\t\t<div class=\"elementor-element elementor-element-b2d14e5 elementor-widget elementor-widget-text-editor\" data-id=\"b2d14e5\" data-element_type=\"widget\" data-e-type=\"widget\" data-widget_type=\"text-editor.default\">\n\t\t\t\t\t\t\t\t\t<h4><span style=\"color: #2e9d44;\">DESTRUCTION OF PRODUCTS AND RAW MATERIALS<\/span><\/h4><p><span style=\"color: #808080;\">We are installed at the generator's plant to ensure the quality of the destruction of their products not suitable for marketing, as well as raw materials unsuitable for manufacturing. Where there is always the premise that once destroyed recycle the product obtained.<\/span><\/p>\t\t\t\t\t\t\t\t<\/div>\n\t\t<div class=\"elementor-element elementor-element-c91189c e-con-full e-flex e-con e-child\" data-id=\"c91189c\" data-element_type=\"container\" data-e-type=\"container\">\n\t\t\t\t<div class=\"elementor-element elementor-element-72c1281 elementor-widget elementor-widget-button\" data-id=\"72c1281\" data-element_type=\"widget\" data-e-type=\"widget\" data-widget_type=\"button.default\">\n\t\t\t\t\t\t\t\t\t\t<a class=\"elementor-button elementor-button-link elementor-size-sm\" href=\"https:\/\/elmundoverde.com.ar\/en\/inicio\/contacto\/\">\n\t\t\t\t\t\t<span class=\"elementor-button-content-wrapper\">\n\t\t\t\t\t\t\t\t\t<span class=\"elementor-button-text\">MAKE YOUR INQUIRY<\/span>\n\t\t\t\t\t<\/span>\n\t\t\t\t\t<\/a>\n\t\t\t\t\t\t\t\t<\/div>\n\t\t\t\t<\/div>\n\t\t\t\t<\/div>\n\t\t<div class=\"elementor-element elementor-element-00263b7 e-con-full e-transform e-flex e-con e-child\" data-id=\"00263b7\" data-element_type=\"container\" data-e-type=\"container\" data-settings=\"{&quot;_transform_scale_effect&quot;:{&quot;unit&quot;:&quot;px&quot;,&quot;size&quot;:&quot;&quot;,&quot;sizes&quot;:[]},&quot;_transform_scale_effect_tablet&quot;:{&quot;unit&quot;:&quot;px&quot;,&quot;size&quot;:&quot;&quot;,&quot;sizes&quot;:[]},&quot;_transform_scale_effect_mobile&quot;:{&quot;unit&quot;:&quot;px&quot;,&quot;size&quot;:&quot;&quot;,&quot;sizes&quot;:[]}}\">\n\t\t\t\t<div class=\"elementor-element elementor-element-84ce7de elementor-widget elementor-widget-image\" data-id=\"84ce7de\" data-element_type=\"widget\" data-e-type=\"widget\" data-widget_type=\"image.default\">\n\t\t\t\t\t\t\t\t\t\t\t\t\t\t\t<img decoding=\"async\" data-attachment-id=\"165\" data-permalink=\"https:\/\/elmundoverde.com.ar\/en\/inicio\/attachment\/1\/\" data-orig-file=\"https:\/\/elmundoverde.com.ar\/wp-content\/uploads\/2025\/10\/1.png\" data-orig-size=\"450,193\" data-comments-opened=\"1\" data-image-meta=\"{&quot;aperture&quot;:&quot;0&quot;,&quot;credit&quot;:&quot;&quot;,&quot;camera&quot;:&quot;&quot;,&quot;caption&quot;:&quot;&quot;,&quot;created_timestamp&quot;:&quot;0&quot;,&quot;copyright&quot;:&quot;&quot;,&quot;focal_length&quot;:&quot;0&quot;,&quot;iso&quot;:&quot;0&quot;,&quot;shutter_speed&quot;:&quot;0&quot;,&quot;title&quot;:&quot;&quot;,&quot;orientation&quot;:&quot;0&quot;}\" data-image-title=\"1\" data-image-description=\"\" data-image-caption=\"\" data-medium-file=\"https:\/\/elmundoverde.com.ar\/wp-content\/uploads\/2025\/10\/1-300x129.png\" data-large-file=\"https:\/\/elmundoverde.com.ar\/wp-content\/uploads\/2025\/10\/1.png\" width=\"450\" height=\"193\" src=\"https:\/\/elmundoverde.com.ar\/wp-content\/uploads\/2025\/10\/1.png\" class=\"attachment-full size-full wp-image-165\" alt=\"\" srcset=\"https:\/\/elmundoverde.com.ar\/wp-content\/uploads\/2025\/10\/1.png 450w, https:\/\/elmundoverde.com.ar\/wp-content\/uploads\/2025\/10\/1-300x129.png 300w, https:\/\/elmundoverde.com.ar\/wp-content\/uploads\/2025\/10\/1-18x8.png 18w\" sizes=\"(max-width: 450px) 100vw, 450px\" \/>\t\t\t\t\t\t\t\t\t\t\t\t\t\t\t<\/div>\n\t\t\t\t<div class=\"elementor-element elementor-element-baace87 elementor-widget elementor-widget-text-editor\" data-id=\"baace87\" data-element_type=\"widget\" data-e-type=\"widget\" data-widget_type=\"text-editor.default\">\n\t\t\t\t\t\t\t\t\t<h4><span style=\"color: #2e9d44;\">PURCHASE OF SCRAP AND OBSOLETE EQUIPMENT<\/span><\/h4><p><span style=\"color: #808080;\">Dismantling of machines, sheds and equipment. With the appropriate personnel and equipment, we remove from your industrial plant scrap equipment and machines that are not suitable for production.<\/span><\/p>\t\t\t\t\t\t\t\t<\/div>\n\t\t<div class=\"elementor-element elementor-element-bc824f0 e-con-full e-flex e-con e-child\" data-id=\"bc824f0\" data-element_type=\"container\" data-e-type=\"container\">\n\t\t\t\t<div class=\"elementor-element elementor-element-6db32af elementor-widget elementor-widget-button\" data-id=\"6db32af\" data-element_type=\"widget\" data-e-type=\"widget\" data-widget_type=\"button.default\">\n\t\t\t\t\t\t\t\t\t\t<a class=\"elementor-button elementor-button-link elementor-size-sm\" href=\"https:\/\/elmundoverde.com.ar\/en\/inicio\/contacto\/\">\n\t\t\t\t\t\t<span class=\"elementor-button-content-wrapper\">\n\t\t\t\t\t\t\t\t\t<span class=\"elementor-button-text\">MAKE YOUR INQUIRY<\/span>\n\t\t\t\t\t<\/span>\n\t\t\t\t\t<\/a>\n\t\t\t\t\t\t\t\t<\/div>\n\t\t\t\t<\/div>\n\t\t\t\t<\/div>\n\t\t\t\t\t<\/div>\n\t\t\t\t<\/div>\n\t\t<div class=\"elementor-element elementor-element-051c27a e-flex e-con-boxed e-con e-parent\" data-id=\"051c27a\" data-element_type=\"container\" data-e-type=\"container\">\n\t\t\t\t\t<div class=\"e-con-inner\">\n\t\t<div class=\"elementor-element elementor-element-6f12ae7 e-con-full e-flex e-con e-child\" data-id=\"6f12ae7\" data-element_type=\"container\" data-e-type=\"container\">\n\t\t\t\t<div class=\"elementor-element elementor-element-32f7b1a elementor-widget elementor-widget-text-editor\" data-id=\"32f7b1a\" data-element_type=\"widget\" data-e-type=\"widget\" data-widget_type=\"text-editor.default\">\n\t\t\t\t\t\t\t\t\t<h3 style=\"text-align: center;\">DO YOU NEED ADVICE?<\/h3><p style=\"text-align: center;\"><span style=\"color: #808080;\">We are here to help you<\/span><\/p>\t\t\t\t\t\t\t\t<\/div>\n\t\t<div class=\"elementor-element elementor-element-3396886 e-con-full e-flex e-con e-child\" data-id=\"3396886\" data-element_type=\"container\" data-e-type=\"container\">\n\t\t\t\t<div class=\"elementor-element elementor-element-f11ee50 elementor-align-center elementor-widget elementor-widget-button\" data-id=\"f11ee50\" data-element_type=\"widget\" data-e-type=\"widget\" data-widget_type=\"button.default\">\n\t\t\t\t\t\t\t\t\t\t<a class=\"elementor-button elementor-button-link elementor-size-sm\" href=\"https:\/\/elmundoverde.com.ar\/en\/inicio\/contacto\/\">\n\t\t\t\t\t\t<span class=\"elementor-button-content-wrapper\">\n\t\t\t\t\t\t\t\t\t<span class=\"elementor-button-text\">CONTACT<\/span>\n\t\t\t\t\t<\/span>\n\t\t\t\t\t<\/a>\n\t\t\t\t\t\t\t\t<\/div>\n\t\t\t\t<\/div>\n\t\t\t\t<\/div>\n\t\t\t\t\t<\/div>\n\t\t\t\t<\/div>\n\t\t<div class=\"elementor-element elementor-element-b4c9c53 e-flex e-con-boxed e-con e-parent\" data-id=\"b4c9c53\" data-element_type=\"container\" data-e-type=\"container\">\n\t\t\t\t\t<div class=\"e-con-inner\">\n\t\t\t\t\t<\/div>\n\t\t\t\t<\/div>\n\t\t\t\t<\/div>","protected":false},"excerpt":{"rendered":"<p>SOMOS ESPECIALISTAS EN RECICLADO Nuestra empresa cuenta con personal especializado, para la soluci\u00f3n de cada una de sus necesidades. Contamos con un staff con a\u00f1os de experiencia en servicios ambientales. El reciclado es la disminuci\u00f3n y transformaci\u00f3n de los residuos en materia prima, estos conceptos hacen que EL MUNDO VERDE sea una empresa dedicada al [&hellip;]<\/p>\n","protected":false},"author":272205632,"featured_media":0,"parent":0,"menu_order":0,"comment_status":"closed","ping_status":"closed","template":"","meta":{"jetpack_post_was_ever_published":false,"footnotes":""},"class_list":["post-124","page","type-page","status-publish","hentry"],"jetpack_likes_enabled":true,"jetpack_sharing_enabled":true,"jetpack_shortlink":"https:\/\/wp.me\/Ph3oWt-20","jetpack-related-posts":[],"_links":{"self":[{"href":"https:\/\/elmundoverde.com.ar\/en\/wp-json\/wp\/v2\/pages\/124","targetHints":{"allow":["GET"]}}],"collection":[{"href":"https:\/\/elmundoverde.com.ar\/en\/wp-json\/wp\/v2\/pages"}],"about":[{"href":"https:\/\/elmundoverde.com.ar\/en\/wp-json\/wp\/v2\/types\/page"}],"author":[{"embeddable":true,"href":"https:\/\/elmundoverde.com.ar\/en\/wp-json\/wp\/v2\/users\/272205632"}],"replies":[{"embeddable":true,"href":"https:\/\/elmundoverde.com.ar\/en\/wp-json\/wp\/v2\/comments?post=124"}],"version-history":[{"count":59,"href":"https:\/\/elmundoverde.com.ar\/en\/wp-json\/wp\/v2\/pages\/124\/revisions"}],"predecessor-version":[{"id":368,"href":"https:\/\/elmundoverde.com.ar\/en\/wp-json\/wp\/v2\/pages\/124\/revisions\/368"}],"wp:attachment":[{"href":"https:\/\/elmundoverde.com.ar\/en\/wp-json\/wp\/v2\/media?parent=124"}],"curies":[{"name":"wp","href":"https:\/\/api.w.org\/{rel}","templated":true}]}}